{"id":10,"date":"2025-05-13T19:02:04","date_gmt":"2025-05-13T16:02:04","guid":{"rendered":"https:\/\/sametdemirezen.com\/?page_id=10"},"modified":"2025-05-16T14:35:56","modified_gmt":"2025-05-16T11:35:56","slug":"ana-sayfa","status":"publish","type":"page","link":"https:\/\/sametdemirezen.com\/","title":{"rendered":"Ana Sayfa"},"content":{"rendered":"\t\t<div data-elementor-type=\"wp-page\" data-elementor-id=\"10\" class=\"elementor elementor-10\">\n\t\t\t\t<div class=\"elementor-element elementor-element-38a4c6f e-flex e-con-boxed e-con e-parent\" data-id=\"38a4c6f\" data-element_type=\"container\" data-settings=\"{&quot;background_background&quot;:&quot;video&quot;,&quot;background_video_link&quot;:&quot;https:\\\/\\\/sametdemirezen.com\\\/wp-content\\\/uploads\\\/2025\\\/05\\\/8303104-hd_1920_1080_24fps-2.mp4&quot;,&quot;background_video_start&quot;:0}\">\n\t\t\t\t\t<div class=\"e-con-inner\">\n\t\t<div class=\"elementor-background-video-container elementor-hidden-mobile\" aria-hidden=\"true\">\n\t\t\t\t\t\t\t<video class=\"elementor-background-video-hosted\" autoplay muted playsinline loop><\/video>\n\t\t\t\t\t<\/div>\t\t<div class=\"elementor-element elementor-element-f18012d elementor-invisible elementor-widget elementor-widget-heading\" data-id=\"f18012d\" data-element_type=\"widget\" data-settings=\"{&quot;_animation&quot;:&quot;fadeInLeft&quot;}\" data-widget_type=\"heading.default\">\n\t\t\t\t<div class=\"elementor-widget-container\">\n\t\t\t\t\t<h2 class=\"elementor-heading-title elementor-size-default\">Bir BT \u015eirketi Neden \u00d6nemlidir?<\/h2>\t\t\t\t<\/div>\n\t\t\t\t<\/div>\n\t\t\t\t<div class=\"elementor-element elementor-element-cfd7190 animated-slow elementor-invisible elementor-widget elementor-widget-text-editor\" data-id=\"cfd7190\" data-element_type=\"widget\" data-settings=\"{&quot;_animation&quot;:&quot;fadeInLeft&quot;}\" data-widget_type=\"text-editor.default\">\n\t\t\t\t<div class=\"elementor-widget-container\">\n\t\t\t\t\t\t\t\t\t<p class=\"\" data-start=\"43\" data-end=\"411\"><strong data-start=\"43\" data-end=\"72\">G\u00fcn\u00fcm\u00fcz\u00fcn dijital \u00e7a\u011f\u0131nda<\/strong>, teknoloji neredeyse her i\u015f operasyonunun merkezinde yer almaktad\u0131r. <strong data-start=\"142\" data-end=\"181\">BT (Bilgi Teknolojileri) \u015firketleri<\/strong>, kurulu\u015flar\u0131n teknolojik de\u011fi\u015fimlere uyum sa\u011flamas\u0131nda ve k\u00fcresel pazarda rekabet\u00e7i kalmas\u0131nda hayati bir rol oynamaktad\u0131r. Yaz\u0131l\u0131m geli\u015ftirmeden a\u011f g\u00fcvenli\u011fine kadar, BT \u015firketleri modern i\u015fletmeleri destekleyen omurgay\u0131 sa\u011flar.<\/p><p class=\"\" data-start=\"413\" data-end=\"828\">BT \u015firketlerinin \u00f6nemli olmas\u0131n\u0131n ba\u015fl\u0131ca nedenlerinden biri, <strong data-start=\"475\" data-end=\"541\">karma\u015f\u0131k sorunlar\u0131 etkili bir \u015fekilde \u00e7\u00f6zebilme yetenekleridir<\/strong>. \u0130ster \u00f6zel bir uygulama geli\u015ftirmek, ister rutin g\u00f6revleri otomatikle\u015ftirmek olsun; \u00fcretkenli\u011fi art\u0131ran ve zamandan tasarruf sa\u011flayan \u00f6zel \u00e7\u00f6z\u00fcmler sunarlar. Uzmanl\u0131klar\u0131 sayesinde, i\u015fletmeler teknik zorluklar\u0131 profesyonellere b\u0131rakarak <strong data-start=\"780\" data-end=\"828\" data-is-last-node=\"\">kendi temel faaliyetlerine odaklanabilirler.<\/strong><\/p>\t\t\t\t\t\t\t\t<\/div>\n\t\t\t\t<\/div>\n\t\t\t\t\t<\/div>\n\t\t\t\t<\/div>\n\t\t<div class=\"elementor-element elementor-element-0167ff5 e-flex e-con-boxed e-con e-parent\" data-id=\"0167ff5\" data-element_type=\"container\">\n\t\t\t\t\t<div class=\"e-con-inner\">\n\t\t\t\t<div class=\"elementor-element elementor-element-8427f3c elementor-widget elementor-widget-heading\" data-id=\"8427f3c\" data-element_type=\"widget\" data-widget_type=\"heading.default\">\n\t\t\t\t<div class=\"elementor-widget-container\">\n\t\t\t\t\t<h2 class=\"elementor-heading-title elementor-size-default\">Hizmetlerimiz<\/h2>\t\t\t\t<\/div>\n\t\t\t\t<\/div>\n\t\t\t\t\t<\/div>\n\t\t\t\t<\/div>\n\t\t<div class=\"elementor-element elementor-element-cc83af4 e-flex e-con-boxed e-con e-parent\" data-id=\"cc83af4\" data-element_type=\"container\">\n\t\t\t\t\t<div class=\"e-con-inner\">\n\t\t<div class=\"elementor-element elementor-element-3a79003 e-con-full e-flex e-con e-child\" data-id=\"3a79003\" data-element_type=\"container\">\n\t\t\t\t<div class=\"elementor-element elementor-element-2826a93 elementor-widget__width-inherit elementor-widget elementor-widget-text-editor\" data-id=\"2826a93\" data-element_type=\"widget\" data-widget_type=\"text-editor.default\">\n\t\t\t\t<div class=\"elementor-widget-container\">\n\t\t\t\t\t\t\t\t\t<h3><img decoding=\"async\" class=\"wp-image-109 aligncenter\" src=\"https:\/\/sametdemirezen.com\/wp-content\/uploads\/2025\/05\/003-server.png\" alt=\"\" width=\"70\" height=\"70\" \/><\/h3><h3><strong>Fiziksel Sunucu Bar\u0131nd\u0131rma<\/strong><\/h3><p>\u0130htiya\u00e7lara \u00f6zel tasarlanm\u0131\u015f veri merkezi altyap\u0131m\u0131zda,m\u00fc\u015fterilerimizin kritik verilerini g\u00fcvenli bir \u015fekilde bar\u0131nd\u0131r\u0131yoruz.Fiziksel sunucular\u0131n bak\u0131m\u0131,g\u00fcvenli\u011fi ve y\u00f6netimi konusunda uzman\u0131z.<\/p>\t\t\t\t\t\t\t\t<\/div>\n\t\t\t\t<\/div>\n\t\t\t\t<\/div>\n\t\t<div class=\"elementor-element elementor-element-38448d2 e-con-full e-flex e-con e-child\" data-id=\"38448d2\" data-element_type=\"container\">\n\t\t\t\t<div class=\"elementor-element elementor-element-edccf7f elementor-widget__width-inherit elementor-widget elementor-widget-text-editor\" data-id=\"edccf7f\" data-element_type=\"widget\" data-widget_type=\"text-editor.default\">\n\t\t\t\t<div class=\"elementor-widget-container\">\n\t\t\t\t\t\t\t\t\t<h3><strong><img decoding=\"async\" class=\"wp-image-123 aligncenter\" src=\"https:\/\/sametdemirezen.com\/wp-content\/uploads\/2025\/05\/004-cloud.png\" alt=\"\" width=\"70\" height=\"70\" \/><\/strong><\/h3><h3><strong>Cloud Sunucu Hizmetleri<\/strong><\/h3><p>\u0130htiya\u00e7lara \u00f6zel tasarlanm\u0131\u015f veri merkezi altyap\u0131m\u0131zda,m\u00fc\u015fterilerimizin kritik verilerini g\u00fcvenli bir \u015fekilde bar\u0131nd\u0131r\u0131yoruz.Fiziksel sunucular\u0131n bak\u0131m\u0131,g\u00fcvenli\u011fi ve y\u00f6netimi konusunda uzman\u0131z.<\/p>\t\t\t\t\t\t\t\t<\/div>\n\t\t\t\t<\/div>\n\t\t\t\t<\/div>\n\t\t<div class=\"elementor-element elementor-element-fd98e09 e-con-full e-flex e-con e-child\" data-id=\"fd98e09\" data-element_type=\"container\">\n\t\t\t\t<div class=\"elementor-element elementor-element-a228e60 elementor-widget__width-inherit elementor-widget elementor-widget-text-editor\" data-id=\"a228e60\" data-element_type=\"widget\" data-widget_type=\"text-editor.default\">\n\t\t\t\t<div class=\"elementor-widget-container\">\n\t\t\t\t\t\t\t\t\t<h3><img decoding=\"async\" class=\" wp-image-124 aligncenter\" src=\"https:\/\/sametdemirezen.com\/wp-content\/uploads\/2025\/05\/002-data-center.png\" alt=\"\" width=\"70\" height=\"70\" \/><\/h3><h3><strong>Veri Merkezi Y\u00f6netimi<\/strong><\/h3><p>\u0130htiya\u00e7lara \u00f6zel tasarlanm\u0131\u015f veri merkezi altyap\u0131m\u0131zda,m\u00fc\u015fterilerimizin kritik verilerini g\u00fcvenli bir \u015fekilde bar\u0131nd\u0131r\u0131yoruz.Fiziksel sunucular\u0131n bak\u0131m\u0131,g\u00fcvenli\u011fi ve y\u00f6netimi konusunda uzman\u0131z.<\/p>\t\t\t\t\t\t\t\t<\/div>\n\t\t\t\t<\/div>\n\t\t\t\t<\/div>\n\t\t<div class=\"elementor-element elementor-element-442c80f e-con-full e-flex e-con e-child\" data-id=\"442c80f\" data-element_type=\"container\">\n\t\t\t\t<div class=\"elementor-element elementor-element-6387457 elementor-widget__width-inherit elementor-widget elementor-widget-text-editor\" data-id=\"6387457\" data-element_type=\"widget\" data-widget_type=\"text-editor.default\">\n\t\t\t\t<div class=\"elementor-widget-container\">\n\t\t\t\t\t\t\t\t\t<h3><strong><img loading=\"lazy\" decoding=\"async\" class=\" wp-image-125 aligncenter\" src=\"https:\/\/sametdemirezen.com\/wp-content\/uploads\/2025\/05\/005-spyware.png\" alt=\"\" width=\"70\" height=\"70\" \/><\/strong><\/h3><h3><strong>G\u00fcvenlik Ve Monit\u00f6rizasyon Hizmetleri<\/strong><\/h3><p>\u0130htiya\u00e7lara \u00f6zel tasarlanm\u0131\u015f veri merkezi altyap\u0131m\u0131zda,m\u00fc\u015fterilerimizin kritik verilerini g\u00fcvenli bir \u015fekilde bar\u0131nd\u0131r\u0131yoruz.Fiziksel sunucular\u0131n bak\u0131m\u0131,g\u00fcvenli\u011fi ve y\u00f6netimi konusunda uzman\u0131z.<\/p>\t\t\t\t\t\t\t\t<\/div>\n\t\t\t\t<\/div>\n\t\t\t\t<\/div>\n\t\t\t\t\t<\/div>\n\t\t\t\t<\/div>\n\t\t<div class=\"elementor-element elementor-element-9b04bd9 e-flex e-con-boxed e-con e-parent\" data-id=\"9b04bd9\" data-element_type=\"container\">\n\t\t\t\t\t<div class=\"e-con-inner\">\n\t\t<div class=\"elementor-element elementor-element-cf8fe06 e-con-full e-flex e-con e-child\" data-id=\"cf8fe06\" data-element_type=\"container\">\n\t\t\t\t<div class=\"elementor-element elementor-element-1978f49 elementor-widget__width-inherit elementor-widget elementor-widget-text-editor\" data-id=\"1978f49\" data-element_type=\"widget\" data-widget_type=\"text-editor.default\">\n\t\t\t\t<div class=\"elementor-widget-container\">\n\t\t\t\t\t\t\t\t\t<h3><img loading=\"lazy\" decoding=\"async\" class=\"aligncenter wp-image-149\" src=\"https:\/\/sametdemirezen.com\/wp-content\/uploads\/2025\/05\/001-backup-1.png\" alt=\"\" width=\"70\" height=\"70\" \/><\/h3><h3><strong>Yedekleme Ve Kurtarma Hizmetleri<\/strong><\/h3><p>\u0130htiya\u00e7lara \u00f6zel tasarlanm\u0131\u015f veri merkezi altyap\u0131m\u0131zda,m\u00fc\u015fterilerimizin kritik verilerini g\u00fcvenli bir \u015fekilde bar\u0131nd\u0131r\u0131yoruz.Fiziksel sunucular\u0131n bak\u0131m\u0131,g\u00fcvenli\u011fi ve y\u00f6netimi konusunda uzman\u0131z.<\/p>\t\t\t\t\t\t\t\t<\/div>\n\t\t\t\t<\/div>\n\t\t\t\t<\/div>\n\t\t<div class=\"elementor-element elementor-element-9815249 e-con-full e-flex e-con e-child\" data-id=\"9815249\" data-element_type=\"container\">\n\t\t\t\t<div class=\"elementor-element elementor-element-5b7749b elementor-widget__width-inherit elementor-widget elementor-widget-text-editor\" data-id=\"5b7749b\" data-element_type=\"widget\" data-widget_type=\"text-editor.default\">\n\t\t\t\t<div class=\"elementor-widget-container\">\n\t\t\t\t\t\t\t\t\t<h3><img loading=\"lazy\" decoding=\"async\" class=\"aligncenter wp-image-134\" src=\"https:\/\/sametdemirezen.com\/wp-content\/uploads\/2025\/05\/006-machine-repair.png\" alt=\"\" width=\"70\" height=\"70\" \/>\u00a0<\/h3><h3><b style=\"font-style: inherit; font-family: Roboto, sans-serif;\">Teknik Destek Ve Dan\u0131\u015fmanl\u0131k<\/b><\/h3><p>\u0130htiya\u00e7lara \u00f6zel tasarlanm\u0131\u015f veri merkezi altyap\u0131m\u0131zda,m\u00fc\u015fterilerimizin kritik verilerini g\u00fcvenli bir \u015fekilde bar\u0131nd\u0131r\u0131yoruz.Fiziksel sunucular\u0131n bak\u0131m\u0131,g\u00fcvenli\u011fi ve y\u00f6netimi konusunda uzman\u0131z.<\/p>\t\t\t\t\t\t\t\t<\/div>\n\t\t\t\t<\/div>\n\t\t\t\t<\/div>\n\t\t<div class=\"elementor-element elementor-element-c7f0840 e-con-full e-flex e-con e-child\" data-id=\"c7f0840\" data-element_type=\"container\">\n\t\t\t\t<div class=\"elementor-element elementor-element-0cc5b12 elementor-widget__width-inherit elementor-widget elementor-widget-text-editor\" data-id=\"0cc5b12\" data-element_type=\"widget\" data-widget_type=\"text-editor.default\">\n\t\t\t\t<div class=\"elementor-widget-container\">\n\t\t\t\t\t\t\t\t\t<h3><img loading=\"lazy\" decoding=\"async\" class=\"aligncenter wp-image-148\" src=\"https:\/\/sametdemirezen.com\/wp-content\/uploads\/2025\/05\/007-bandwidth.png\" alt=\"\" width=\"70\" height=\"70\" \/><\/h3><h3><strong>Performans Optimizasyonu<\/strong><\/h3><p>\u0130htiya\u00e7lara \u00f6zel tasarlanm\u0131\u015f veri merkezi altyap\u0131m\u0131zda,m\u00fc\u015fterilerimizin kritik verilerini g\u00fcvenli bir \u015fekilde bar\u0131nd\u0131r\u0131yoruz.Fiziksel sunucular\u0131n bak\u0131m\u0131,g\u00fcvenli\u011fi ve y\u00f6netimi konusunda uzman\u0131z.<\/p>\t\t\t\t\t\t\t\t<\/div>\n\t\t\t\t<\/div>\n\t\t\t\t<\/div>\n\t\t<div class=\"elementor-element elementor-element-b27a70f e-con-full e-flex e-con e-child\" data-id=\"b27a70f\" data-element_type=\"container\">\n\t\t\t\t<div class=\"elementor-element elementor-element-9ec92a4 elementor-widget__width-inherit elementor-widget elementor-widget-text-editor\" data-id=\"9ec92a4\" data-element_type=\"widget\" data-widget_type=\"text-editor.default\">\n\t\t\t\t<div class=\"elementor-widget-container\">\n\t\t\t\t\t\t\t\t\t<h3><img loading=\"lazy\" decoding=\"async\" class=\"aligncenter wp-image-147\" src=\"https:\/\/sametdemirezen.com\/wp-content\/uploads\/2025\/05\/008-update.png\" alt=\"\" width=\"70\" height=\"70\" \/><\/h3><h3><strong>G\u00fcncelleme Ve Yama Y\u00f6netimi<\/strong><\/h3><p>\u0130htiya\u00e7lara \u00f6zel tasarlanm\u0131\u015f veri merkezi altyap\u0131m\u0131zda,m\u00fc\u015fterilerimizin kritik verilerini g\u00fcvenli bir \u015fekilde bar\u0131nd\u0131r\u0131yoruz.Fiziksel sunucular\u0131n bak\u0131m\u0131,g\u00fcvenli\u011fi ve y\u00f6netimi konusunda uzman\u0131z.<\/p>\t\t\t\t\t\t\t\t<\/div>\n\t\t\t\t<\/div>\n\t\t\t\t<\/div>\n\t\t\t\t\t<\/div>\n\t\t\t\t<\/div>\n\t\t\t\t<\/div>\n\t\t","protected":false},"excerpt":{"rendered":"<p>Bir BT \u015eirketi Neden \u00d6nemlidir? G\u00fcn\u00fcm\u00fcz\u00fcn dijital \u00e7a\u011f\u0131nda, teknoloji neredeyse her i\u015f operasyonunun merkezinde yer almaktad\u0131r. BT (Bilgi Teknolojileri) \u015firketleri, [&hellip;]<\/p>\n","protected":false},"author":1,"featured_media":0,"parent":0,"menu_order":0,"comment_status":"closed","ping_status":"closed","template":"","meta":{"site-sidebar-layout":"no-sidebar","site-content-layout":"","ast-site-content-layout":"full-width-container","site-content-style":"default","site-sidebar-style":"default","ast-global-header-display":"","ast-banner-title-visibility":"","ast-main-header-display":"","ast-hfb-above-header-display":"","ast-hfb-below-header-display":"","ast-hfb-mobile-header-display":"","site-post-title":"disabled","ast-breadcrumbs-content":"","ast-featured-img":"disabled","footer-sml-layout":"","theme-transparent-header-meta":"","adv-header-id-meta":"","stick-header-meta":"","header-above-stick-meta":"","header-main-stick-meta":"","header-below-stick-meta":"","astra-migrate-meta-layouts":"default","ast-page-background-enabled":"default","ast-page-background-meta":{"desktop":{"background-color":"var(--ast-global-color-5)","background-image":"","background-repeat":"repeat","background-position":"center center","background-size":"auto","background-attachment":"scroll","background-type":"","background-media":"","overlay-type":"","overlay-color":"","overlay-opacity":"","overlay-gradient":""},"tablet":{"background-color":"","background-image":"","background-repeat":"repeat","background-position":"center center","background-size":"auto","background-attachment":"scroll","background-type":"","background-media":"","overlay-type":"","overlay-color":"","overlay-opacity":"","overlay-gradient":""},"mobile":{"background-color":"","background-image":"","background-repeat":"repeat","background-position":"center center","background-size":"auto","background-attachment":"scroll","background-type":"","background-media":"","overlay-type":"","overlay-color":"","overlay-opacity":"","overlay-gradient":""}},"ast-content-background-meta":{"desktop":{"background-color":"var(--ast-global-color-4)","background-image":"","background-repeat":"repeat","background-position":"center center","background-size":"auto","background-attachment":"scroll","background-type":"","background-media":"","overlay-type":"","overlay-color":"","overlay-opacity":"","overlay-gradient":""},"tablet":{"background-color":"var(--ast-global-color-4)","background-image":"","background-repeat":"repeat","background-position":"center center","background-size":"auto","background-attachment":"scroll","background-type":"","background-media":"","overlay-type":"","overlay-color":"","overlay-opacity":"","overlay-gradient":""},"mobile":{"background-color":"var(--ast-global-color-4)","background-image":"","background-repeat":"repeat","background-position":"center center","background-size":"auto","background-attachment":"scroll","background-type":"","background-media":"","overlay-type":"","overlay-color":"","overlay-opacity":"","overlay-gradient":""}},"footnotes":""},"class_list":["post-10","page","type-page","status-publish","hentry"],"_links":{"self":[{"href":"https:\/\/sametdemirezen.com\/index.php?rest_route=\/wp\/v2\/pages\/10","targetHints":{"allow":["GET"]}}],"collection":[{"href":"https:\/\/sametdemirezen.com\/index.php?rest_route=\/wp\/v2\/pages"}],"about":[{"href":"https:\/\/sametdemirezen.com\/index.php?rest_route=\/wp\/v2\/types\/page"}],"author":[{"embeddable":true,"href":"https:\/\/sametdemirezen.com\/index.php?rest_route=\/wp\/v2\/users\/1"}],"replies":[{"embeddable":true,"href":"https:\/\/sametdemirezen.com\/index.php?rest_route=%2Fwp%2Fv2%2Fcomments&post=10"}],"version-history":[{"count":91,"href":"https:\/\/sametdemirezen.com\/index.php?rest_route=\/wp\/v2\/pages\/10\/revisions"}],"predecessor-version":[{"id":390,"href":"https:\/\/sametdemirezen.com\/index.php?rest_route=\/wp\/v2\/pages\/10\/revisions\/390"}],"wp:attachment":[{"href":"https:\/\/sametdemirezen.com\/index.php?rest_route=%2Fwp%2Fv2%2Fmedia&parent=10"}],"curies":[{"name":"wp","href":"https:\/\/api.w.org\/{rel}","templated":true}]}}