{"id":173,"date":"2025-05-15T00:59:08","date_gmt":"2025-05-14T21:59:08","guid":{"rendered":"https:\/\/sametdemirezen.com\/?page_id=173"},"modified":"2025-05-15T17:36:37","modified_gmt":"2025-05-15T14:36:37","slug":"kurumsal","status":"publish","type":"page","link":"https:\/\/sametdemirezen.com\/?page_id=173","title":{"rendered":"Kurumsal"},"content":{"rendered":"\t\t<div data-elementor-type=\"wp-page\" data-elementor-id=\"173\" class=\"elementor elementor-173\">\n\t\t\t\t<div class=\"elementor-element elementor-element-1c01210 e-flex e-con-boxed e-con e-parent\" data-id=\"1c01210\" data-element_type=\"container\" data-e-type=\"container\">\n\t\t\t\t\t<div class=\"e-con-inner\">\n\t\t\t\t<div class=\"elementor-element elementor-element-5e9a8e6 elementor-widget__width-initial elementor-widget-mobile__width-initial elementor-widget elementor-widget-text-editor\" data-id=\"5e9a8e6\" data-element_type=\"widget\" data-e-type=\"widget\" data-widget_type=\"text-editor.default\">\n\t\t\t\t<div class=\"elementor-widget-container\">\n\t\t\t\t\t\t\t\t\t<h1><strong>KURUMSAL<\/strong><\/h1>\t\t\t\t\t\t\t\t<\/div>\n\t\t\t\t<\/div>\n\t\t\t\t\t<\/div>\n\t\t\t\t<\/div>\n\t\t<div class=\"elementor-element elementor-element-0383fea e-flex e-con-boxed e-con e-parent\" data-id=\"0383fea\" data-element_type=\"container\" data-e-type=\"container\">\n\t\t\t\t\t<div class=\"e-con-inner\">\n\t\t\t\t<div class=\"elementor-element elementor-element-e01ad5f elementor-widget elementor-widget-text-editor\" data-id=\"e01ad5f\" data-element_type=\"widget\" data-e-type=\"widget\" data-widget_type=\"text-editor.default\">\n\t\t\t\t<div class=\"elementor-widget-container\">\n\t\t\t\t\t\t\t\t\t<h3 class=\"\" style=\"text-align: center;\" data-start=\"214\" data-end=\"235\"><strong data-start=\"221\" data-end=\"235\">Hakk\u0131m\u0131zda<\/strong><\/h3><p class=\"\" data-start=\"237\" data-end=\"606\">MindeForge, yenilik\u00e7i dijital \u00e7\u00f6z\u00fcmler sunarak i\u015fletmelerin dijital d\u00f6n\u00fc\u015f\u00fcm s\u00fcre\u00e7lerine liderlik eden bir teknoloji \u015firketidir. Yaz\u0131l\u0131m geli\u015ftirme, veri analiti\u011fi ve yapay zeka alanlar\u0131nda uzman kadromuzla, m\u00fc\u015fterilerimize s\u00fcrd\u00fcr\u00fclebilir ve \u00f6l\u00e7eklenebilir \u00e7\u00f6z\u00fcmler sunuyoruz. Teknolojiyi sadece bir ara\u00e7 de\u011fil, i\u015fin merkezine yerle\u015ftiren bir anlay\u0131\u015fla hareket ediyoruz.<\/p><h3 class=\"\" style=\"text-align: center;\" data-start=\"107\" data-end=\"132\"><strong data-start=\"115\" data-end=\"132\">Hizmetlerimiz<\/strong><\/h3><ul data-start=\"134\" data-end=\"1237\"><li class=\"\" data-start=\"134\" data-end=\"262\"><p class=\"\" data-start=\"136\" data-end=\"262\"><strong data-start=\"136\" data-end=\"166\">Fiziksel Sunucu Bar\u0131nd\u0131rma<\/strong><br data-start=\"166\" data-end=\"169\" \/>Kurumsal ihtiya\u00e7lara \u00f6zel, y\u00fcksek g\u00fcvenlikli fiziksel sunucu bar\u0131nd\u0131rma hizmetleri sunuyoruz.<\/p><\/li><li class=\"\" data-start=\"264\" data-end=\"404\"><p class=\"\" data-start=\"266\" data-end=\"404\"><strong data-start=\"266\" data-end=\"293\">Cloud Sunucu Hizmetleri<\/strong><br data-start=\"293\" data-end=\"296\" \/>Esnek, \u00f6l\u00e7eklenebilir ve performans odakl\u0131 bulut sunucu \u00e7\u00f6z\u00fcmlerimizle i\u015f s\u00fcre\u00e7lerinizi dijitalle\u015ftiriyoruz.<\/p><\/li><li class=\"\" data-start=\"406\" data-end=\"541\"><p class=\"\" data-start=\"408\" data-end=\"541\"><strong data-start=\"408\" data-end=\"433\">Veri Merkezi Y\u00f6netimi<\/strong><br data-start=\"433\" data-end=\"436\" \/>Modern veri merkezlerimizde altyap\u0131 y\u00f6netimi, enerji optimizasyonu ve s\u00fcrekli eri\u015filebilirlik sa\u011fl\u0131yoruz.<\/p><\/li><li class=\"\" data-start=\"543\" data-end=\"680\"><p class=\"\" data-start=\"545\" data-end=\"680\"><strong data-start=\"545\" data-end=\"586\">G\u00fcvenlik ve Monit\u00f6rizasyon Hizmetleri<\/strong><br data-start=\"586\" data-end=\"589\" \/>Sistemlerinizi 7\/24 izleyerek olas\u0131 tehditleri proaktif bi\u00e7imde tespit edip \u00f6nlem al\u0131yoruz.<\/p><\/li><li class=\"\" data-start=\"682\" data-end=\"814\"><p class=\"\" data-start=\"684\" data-end=\"814\"><strong data-start=\"684\" data-end=\"720\">Yedekleme ve Kurtarma Hizmetleri<\/strong><br data-start=\"720\" data-end=\"723\" \/>Veri kayb\u0131n\u0131 \u00f6nlemek i\u00e7in g\u00fcvenli yedekleme \u00e7\u00f6z\u00fcmleri ve h\u0131zl\u0131 kurtarma planlar\u0131 sunuyoruz.<\/p><\/li><li class=\"\" data-start=\"816\" data-end=\"949\"><p class=\"\" data-start=\"818\" data-end=\"949\"><strong data-start=\"818\" data-end=\"850\">Teknik Destek ve Dan\u0131\u015fmanl\u0131k<\/strong><br data-start=\"850\" data-end=\"853\" \/>Uzman ekibimizle teknik sorunlar\u0131n\u0131za h\u0131zl\u0131 \u00e7\u00f6z\u00fcmler ve stratejik dan\u0131\u015fmanl\u0131k hizmeti veriyoruz.<\/p><\/li><li class=\"\" data-start=\"951\" data-end=\"1084\"><p class=\"\" data-start=\"953\" data-end=\"1084\"><strong data-start=\"953\" data-end=\"981\">Performans Optimizasyonu<\/strong><br data-start=\"981\" data-end=\"984\" \/>Sunucu ve sistem performans\u0131n\u0131z\u0131 art\u0131rmak i\u00e7in analizler yaparak en uygun yap\u0131land\u0131rmay\u0131 sa\u011fl\u0131yoruz.<\/p><\/li><li class=\"\" data-start=\"1086\" data-end=\"1237\"><p class=\"\" data-start=\"1088\" data-end=\"1237\"><strong data-start=\"1088\" data-end=\"1119\">G\u00fcncelleme ve Yama Y\u00f6netimi<\/strong><br data-start=\"1119\" data-end=\"1122\" \/>Sistemlerinizin g\u00fcvenli\u011fini ve kararl\u0131l\u0131\u011f\u0131n\u0131 korumak i\u00e7in d\u00fczenli g\u00fcncelleme ve yama y\u00f6netimi hizmetleri sunuyoruz.<\/p><\/li><\/ul><h3 class=\"\" style=\"text-align: center;\" data-start=\"895\" data-end=\"917\"><strong data-start=\"903\" data-end=\"917\">Vizyonumuz<\/strong><\/h3><p class=\"\" data-start=\"919\" data-end=\"1062\">Gelece\u011fin dijital d\u00fcnyas\u0131nda \u00f6nc\u00fc teknolojiler geli\u015ftirerek, i\u015f ortaklar\u0131m\u0131z\u0131n k\u00fcresel rekabette s\u00fcrd\u00fcr\u00fclebilir ba\u015far\u0131ya ula\u015fmalar\u0131n\u0131 sa\u011flamak.<\/p><h3 class=\"\" style=\"text-align: center;\" data-start=\"1069\" data-end=\"1090\"><strong data-start=\"1076\" data-end=\"1090\">Misyonumuz<\/strong><\/h3><p class=\"\" data-start=\"1092\" data-end=\"1347\">\u0130\u015f ortaklar\u0131m\u0131z\u0131n ihtiya\u00e7lar\u0131na \u00f6zel, yenilik\u00e7i ve y\u00fcksek kaliteli dijital \u00e7\u00f6z\u00fcmler \u00fcreterek, teknolojiyi de\u011fer yaratan bir g\u00fcce d\u00f6n\u00fc\u015ft\u00fcrmek. S\u00fcrekli geli\u015fen bilgi teknolojileri d\u00fcnyas\u0131nda, etik de\u011ferlerden \u00f6d\u00fcn vermeden fark yaratan projelere imza atmak.<\/p>\t\t\t\t\t\t\t\t<\/div>\n\t\t\t\t<\/div>\n\t\t\t\t\t<\/div>\n\t\t\t\t<\/div>\n\t\t\t\t<\/div>\n\t\t","protected":false},"excerpt":{"rendered":"<p>KURUMSAL Hakk\u0131m\u0131zda MindeForge, yenilik\u00e7i dijital \u00e7\u00f6z\u00fcmler sunarak i\u015fletmelerin dijital d\u00f6n\u00fc\u015f\u00fcm s\u00fcre\u00e7lerine liderlik eden bir teknoloji \u015firketidir. Yaz\u0131l\u0131m geli\u015ftirme, veri analiti\u011fi [&hellip;]<\/p>\n","protected":false},"author":1,"featured_media":0,"parent":0,"menu_order":0,"comment_status":"closed","ping_status":"closed","template":"","meta":{"site-sidebar-layout":"no-sidebar","site-content-layout":"","ast-site-content-layout":"full-width-container","site-content-style":"default","site-sidebar-style":"default","ast-global-header-display":"","ast-banner-title-visibility":"","ast-main-header-display":"","ast-hfb-above-header-display":"","ast-hfb-below-header-display":"","ast-hfb-mobile-header-display":"","site-post-title":"disabled","ast-breadcrumbs-content":"","ast-featured-img":"disabled","footer-sml-layout":"","ast-disable-related-posts":"","theme-transparent-header-meta":"default","adv-header-id-meta":"","stick-header-meta":"","header-above-stick-meta":"","header-main-stick-meta":"","header-below-stick-meta":"","astra-migrate-meta-layouts":"set","ast-page-background-enabled":"default","ast-page-background-meta":{"desktop":{"background-color":"var(--ast-global-color-5)","background-image":"","background-repeat":"repeat","background-position":"center center","background-size":"auto","background-attachment":"scroll","background-type":"","background-media":"","overlay-type":"","overlay-color":"","overlay-opacity":"","overlay-gradient":""},"tablet":{"background-color":"","background-image":"","background-repeat":"repeat","background-position":"center center","background-size":"auto","background-attachment":"scroll","background-type":"","background-media":"","overlay-type":"","overlay-color":"","overlay-opacity":"","overlay-gradient":""},"mobile":{"background-color":"","background-image":"","background-repeat":"repeat","background-position":"center center","background-size":"auto","background-attachment":"scroll","background-type":"","background-media":"","overlay-type":"","overlay-color":"","overlay-opacity":"","overlay-gradient":""}},"ast-content-background-meta":{"desktop":{"background-color":"var(--ast-global-color-4)","background-image":"","background-repeat":"repeat","background-position":"center center","background-size":"auto","background-attachment":"scroll","background-type":"","background-media":"","overlay-type":"","overlay-color":"","overlay-opacity":"","overlay-gradient":""},"tablet":{"background-color":"var(--ast-global-color-4)","background-image":"","background-repeat":"repeat","background-position":"center center","background-size":"auto","background-attachment":"scroll","background-type":"","background-media":"","overlay-type":"","overlay-color":"","overlay-opacity":"","overlay-gradient":""},"mobile":{"background-color":"var(--ast-global-color-4)","background-image":"","background-repeat":"repeat","background-position":"center center","background-size":"auto","background-attachment":"scroll","background-type":"","background-media":"","overlay-type":"","overlay-color":"","overlay-opacity":"","overlay-gradient":""}},"footnotes":""},"class_list":["post-173","page","type-page","status-publish","hentry"],"_links":{"self":[{"href":"https:\/\/sametdemirezen.com\/index.php?rest_route=\/wp\/v2\/pages\/173","targetHints":{"allow":["GET"]}}],"collection":[{"href":"https:\/\/sametdemirezen.com\/index.php?rest_route=\/wp\/v2\/pages"}],"about":[{"href":"https:\/\/sametdemirezen.com\/index.php?rest_route=\/wp\/v2\/types\/page"}],"author":[{"embeddable":true,"href":"https:\/\/sametdemirezen.com\/index.php?rest_route=\/wp\/v2\/users\/1"}],"replies":[{"embeddable":true,"href":"https:\/\/sametdemirezen.com\/index.php?rest_route=%2Fwp%2Fv2%2Fcomments&post=173"}],"version-history":[{"count":31,"href":"https:\/\/sametdemirezen.com\/index.php?rest_route=\/wp\/v2\/pages\/173\/revisions"}],"predecessor-version":[{"id":279,"href":"https:\/\/sametdemirezen.com\/index.php?rest_route=\/wp\/v2\/pages\/173\/revisions\/279"}],"wp:attachment":[{"href":"https:\/\/sametdemirezen.com\/index.php?rest_route=%2Fwp%2Fv2%2Fmedia&parent=173"}],"curies":[{"name":"wp","href":"https:\/\/api.w.org\/{rel}","templated":true}]}}