{"id":199,"date":"2025-05-15T13:34:18","date_gmt":"2025-05-15T10:34:18","guid":{"rendered":"https:\/\/sametdemirezen.com\/?page_id=199"},"modified":"2025-05-15T18:00:59","modified_gmt":"2025-05-15T15:00:59","slug":"fiziksel-sunucu-barindirma","status":"publish","type":"page","link":"https:\/\/sametdemirezen.com\/?page_id=199","title":{"rendered":"Fiziksel Sunucu Bar\u0131nd\u0131rma"},"content":{"rendered":"\t\t<div data-elementor-type=\"wp-page\" data-elementor-id=\"199\" class=\"elementor elementor-199\">\n\t\t\t\t<div class=\"elementor-element elementor-element-df8e525 e-flex e-con-boxed e-con e-parent\" data-id=\"df8e525\" data-element_type=\"container\">\n\t\t\t\t\t<div class=\"e-con-inner\">\n\t\t\t\t<div class=\"elementor-element elementor-element-dc39dec elementor-widget__width-initial elementor-widget-mobile__width-initial elementor-widget elementor-widget-text-editor\" data-id=\"dc39dec\" data-element_type=\"widget\" data-widget_type=\"text-editor.default\">\n\t\t\t\t<div class=\"elementor-widget-container\">\n\t\t\t\t\t\t\t\t\t<h1><strong>Fiziksel Sunucu Bar\u0131nd\u0131rma<\/strong><\/h1>\t\t\t\t\t\t\t\t<\/div>\n\t\t\t\t<\/div>\n\t\t\t\t\t<\/div>\n\t\t\t\t<\/div>\n\t\t<div class=\"elementor-element elementor-element-33ae790 e-flex e-con-boxed e-con e-parent\" data-id=\"33ae790\" data-element_type=\"container\">\n\t\t\t\t\t<div class=\"e-con-inner\">\n\t\t\t\t<div class=\"elementor-element elementor-element-568c562 elementor-widget elementor-widget-text-editor\" data-id=\"568c562\" data-element_type=\"widget\" data-widget_type=\"text-editor.default\">\n\t\t\t\t<div class=\"elementor-widget-container\">\n\t\t\t\t\t\t\t\t\t<h2 style=\"text-align: center;\" data-start=\"226\" data-end=\"260\">\u00a0<\/h2><p class=\"\" data-start=\"262\" data-end=\"398\">\u0130\u015fletmenizin kritik verilerini ve uygulamalar\u0131n\u0131 bar\u0131nd\u0131rmak i\u00e7in g\u00fcvenli, y\u00fcksek performansl\u0131 ve kesintisiz bir altyap\u0131 m\u0131 ar\u0131yorsunuz?<\/p><p class=\"\" data-start=\"400\" data-end=\"725\">MindeForge olarak, fiziksel sunucu bar\u0131nd\u0131rma hizmetimizle size \u00f6zel tahsis edilmi\u015f sunucular\u0131, profesyonel veri merkezlerimizde bar\u0131nd\u0131r\u0131yoruz. Sunucular\u0131n\u0131z\u0131n t\u00fcm altyap\u0131 y\u00f6netimi, g\u00fcvenlik denetimleri, so\u011futma, enerji ve internet ba\u011flant\u0131s\u0131 gibi operasyonel s\u00fcre\u00e7leri, uzman ekibimiz taraf\u0131ndan titizlikle y\u00fcr\u00fct\u00fclmektedir.<\/p><p class=\"\" data-start=\"727\" data-end=\"762\"><strong data-start=\"727\" data-end=\"762\">Hizmetin \u00d6ne \u00c7\u0131kan \u00d6zellikleri:<\/strong><\/p><ul data-start=\"763\" data-end=\"1068\"><li class=\"\" data-start=\"763\" data-end=\"812\"><p class=\"\" data-start=\"765\" data-end=\"812\">Size \u00f6zel, ba\u011f\u0131ms\u0131z fiziksel sunucu altyap\u0131s\u0131<\/p><\/li><li class=\"\" data-start=\"813\" data-end=\"872\"><p class=\"\" data-start=\"815\" data-end=\"872\">7\/24 kesintisiz enerji ve y\u00fcksek h\u0131zl\u0131 internet eri\u015fimi<\/p><\/li><li class=\"\" data-start=\"873\" data-end=\"939\"><p class=\"\" data-start=\"875\" data-end=\"939\">\u0130klimlendirme kontroll\u00fc, y\u00fcksek g\u00fcvenlikli veri merkezi ortam\u0131<\/p><\/li><li class=\"\" data-start=\"940\" data-end=\"979\"><p class=\"\" data-start=\"942\" data-end=\"979\">Donan\u0131m ve a\u011f g\u00fcvenli\u011fi denetimleri<\/p><\/li><li class=\"\" data-start=\"980\" data-end=\"1015\"><p class=\"\" data-start=\"982\" data-end=\"1015\">Uzaktan eri\u015fim ve izleme imk\u00e2n\u0131<\/p><\/li><li class=\"\" data-start=\"1016\" data-end=\"1068\"><p class=\"\" data-start=\"1018\" data-end=\"1068\">Diledi\u011finiz zaman teknik destek ve bak\u0131m hizmeti<\/p><\/li><\/ul><p class=\"\" data-start=\"1070\" data-end=\"1218\">Kurumsal ihtiya\u00e7lar\u0131n\u0131za \u00f6zel esnek bar\u0131nd\u0131rma \u00e7\u00f6z\u00fcmlerimiz ile, verilerinizin g\u00fcvenli\u011fini ve sistemlerinizin s\u00fcreklili\u011fini garanti alt\u0131na al\u0131yoruz.<\/p><p class=\"\" data-start=\"1220\" data-end=\"1323\"><strong data-start=\"1220\" data-end=\"1323\">G\u00fcvenilir altyap\u0131, uzman destek ve tam kontrol \u2013 MindeForge Fiziksel Sunucu Bar\u0131nd\u0131rma ile tan\u0131\u015f\u0131n.<\/strong><\/p><p><!-- Hizmet Sayfas\u0131 Sonu --><\/p>\t\t\t\t\t\t\t\t<\/div>\n\t\t\t\t<\/div>\n\t\t\t\t\t<\/div>\n\t\t\t\t<\/div>\n\t\t\t\t<\/div>\n\t\t","protected":false},"excerpt":{"rendered":"<p>Fiziksel Sunucu Bar\u0131nd\u0131rma \u00a0 \u0130\u015fletmenizin kritik verilerini ve uygulamalar\u0131n\u0131 bar\u0131nd\u0131rmak i\u00e7in g\u00fcvenli, y\u00fcksek performansl\u0131 ve kesintisiz bir altyap\u0131 m\u0131 ar\u0131yorsunuz? [&hellip;]<\/p>\n","protected":false},"author":1,"featured_media":0,"parent":0,"menu_order":0,"comment_status":"closed","ping_status":"closed","template":"","meta":{"site-sidebar-layout":"no-sidebar","site-content-layout":"","ast-site-content-layout":"full-width-container","site-content-style":"default","site-sidebar-style":"default","ast-global-header-display":"","ast-banner-title-visibility":"","ast-main-header-display":"","ast-hfb-above-header-display":"","ast-hfb-below-header-display":"","ast-hfb-mobile-header-display":"","site-post-title":"disabled","ast-breadcrumbs-content":"","ast-featured-img":"disabled","footer-sml-layout":"","theme-transparent-header-meta":"default","adv-header-id-meta":"","stick-header-meta":"","header-above-stick-meta":"","header-main-stick-meta":"","header-below-stick-meta":"","astra-migrate-meta-layouts":"set","ast-page-background-enabled":"default","ast-page-background-meta":{"desktop":{"background-color":"var(--ast-global-color-5)","background-image":"","background-repeat":"repeat","background-position":"center center","background-size":"auto","background-attachment":"scroll","background-type":"","background-media":"","overlay-type":"","overlay-color":"","overlay-opacity":"","overlay-gradient":""},"tablet":{"background-color":"","background-image":"","background-repeat":"repeat","background-position":"center center","background-size":"auto","background-attachment":"scroll","background-type":"","background-media":"","overlay-type":"","overlay-color":"","overlay-opacity":"","overlay-gradient":""},"mobile":{"background-color":"","background-image":"","background-repeat":"repeat","background-position":"center center","background-size":"auto","background-attachment":"scroll","background-type":"","background-media":"","overlay-type":"","overlay-color":"","overlay-opacity":"","overlay-gradient":""}},"ast-content-background-meta":{"desktop":{"background-color":"var(--ast-global-color-4)","background-image":"","background-repeat":"repeat","background-position":"center center","background-size":"auto","background-attachment":"scroll","background-type":"","background-media":"","overlay-type":"","overlay-color":"","overlay-opacity":"","overlay-gradient":""},"tablet":{"background-color":"var(--ast-global-color-4)","background-image":"","background-repeat":"repeat","background-position":"center center","background-size":"auto","background-attachment":"scroll","background-type":"","background-media":"","overlay-type":"","overlay-color":"","overlay-opacity":"","overlay-gradient":""},"mobile":{"background-color":"var(--ast-global-color-4)","background-image":"","background-repeat":"repeat","background-position":"center center","background-size":"auto","background-attachment":"scroll","background-type":"","background-media":"","overlay-type":"","overlay-color":"","overlay-opacity":"","overlay-gradient":""}},"footnotes":""},"class_list":["post-199","page","type-page","status-publish","hentry"],"_links":{"self":[{"href":"https:\/\/sametdemirezen.com\/index.php?rest_route=\/wp\/v2\/pages\/199","targetHints":{"allow":["GET"]}}],"collection":[{"href":"https:\/\/sametdemirezen.com\/index.php?rest_route=\/wp\/v2\/pages"}],"about":[{"href":"https:\/\/sametdemirezen.com\/index.php?rest_route=\/wp\/v2\/types\/page"}],"author":[{"embeddable":true,"href":"https:\/\/sametdemirezen.com\/index.php?rest_route=\/wp\/v2\/users\/1"}],"replies":[{"embeddable":true,"href":"https:\/\/sametdemirezen.com\/index.php?rest_route=%2Fwp%2Fv2%2Fcomments&post=199"}],"version-history":[{"count":28,"href":"https:\/\/sametdemirezen.com\/index.php?rest_route=\/wp\/v2\/pages\/199\/revisions"}],"predecessor-version":[{"id":328,"href":"https:\/\/sametdemirezen.com\/index.php?rest_route=\/wp\/v2\/pages\/199\/revisions\/328"}],"wp:attachment":[{"href":"https:\/\/sametdemirezen.com\/index.php?rest_route=%2Fwp%2Fv2%2Fmedia&parent=199"}],"curies":[{"name":"wp","href":"https:\/\/api.w.org\/{rel}","templated":true}]}}