{"id":291,"date":"2025-05-15T13:34:18","date_gmt":"2025-05-15T10:34:18","guid":{"rendered":"https:\/\/sametdemirezen.com\/?page_id=291"},"modified":"2025-05-15T17:58:49","modified_gmt":"2025-05-15T14:58:49","slug":"fiziksel-sunucu-barindirma-3","status":"publish","type":"page","link":"https:\/\/sametdemirezen.com\/?page_id=291","title":{"rendered":"Cloud Sunucu Bar\u0131nd\u0131rma"},"content":{"rendered":"\t\t<div data-elementor-type=\"wp-page\" data-elementor-id=\"291\" class=\"elementor elementor-291\">\n\t\t\t\t<div class=\"elementor-element elementor-element-df8e525 e-flex e-con-boxed e-con e-parent\" data-id=\"df8e525\" data-element_type=\"container\">\n\t\t\t\t\t<div class=\"e-con-inner\">\n\t\t\t\t<div class=\"elementor-element elementor-element-dc39dec elementor-widget__width-initial elementor-widget-mobile__width-initial elementor-widget elementor-widget-text-editor\" data-id=\"dc39dec\" data-element_type=\"widget\" data-widget_type=\"text-editor.default\">\n\t\t\t\t<div class=\"elementor-widget-container\">\n\t\t\t\t\t\t\t\t\t<h1><strong>Cloud Sunucu Bar\u0131nd\u0131rma<\/strong><\/h1>\t\t\t\t\t\t\t\t<\/div>\n\t\t\t\t<\/div>\n\t\t\t\t\t<\/div>\n\t\t\t\t<\/div>\n\t\t<div class=\"elementor-element elementor-element-33ae790 e-flex e-con-boxed e-con e-parent\" data-id=\"33ae790\" data-element_type=\"container\">\n\t\t\t\t\t<div class=\"e-con-inner\">\n\t\t\t\t<div class=\"elementor-element elementor-element-568c562 elementor-widget elementor-widget-text-editor\" data-id=\"568c562\" data-element_type=\"widget\" data-widget_type=\"text-editor.default\">\n\t\t\t\t<div class=\"elementor-widget-container\">\n\t\t\t\t\t\t\t\t\t<h2 class=\"\" data-start=\"162\" data-end=\"190\">Cloud Sunucu Bar\u0131nd\u0131rma<\/h2><p class=\"\" data-start=\"191\" data-end=\"319\">\u0130\u015fletmenizin dijital operasyonlar\u0131n\u0131 bulut ortam\u0131nda daha esnek, g\u00fcvenli ve \u00f6l\u00e7eklenebilir bir \u015fekilde mi y\u00f6netmek istiyorsunuz?<\/p><p class=\"\" data-start=\"321\" data-end=\"609\"><strong data-start=\"321\" data-end=\"335\">MindeForge<\/strong> olarak, Cloud sunucu bar\u0131nd\u0131rma hizmetimiz ile projelerinize y\u00fcksek eri\u015filebilirlik, performans ve kontrol sa\u011fl\u0131yoruz. \u0130htiyac\u0131n\u0131za \u00f6zel kaynaklarla yap\u0131land\u0131r\u0131lan bulut sunucular\u0131n\u0131z\u0131, g\u00fc\u00e7l\u00fc veri merkezlerimiz ve uzman ekibimizin deste\u011fiyle en \u00fcst seviyede bar\u0131nd\u0131r\u0131yoruz.<\/p><p><span style=\"color: #000000;\"><strong>Hizmetin \u00d6ne \u00c7\u0131kan \u00d6zellikleri:<\/strong><\/span><\/p><ul><li data-start=\"648\" data-end=\"713\">Esnek kaynak y\u00f6netimiyle ihtiyac\u0131n\u0131za \u00f6zel sanal sunucu altyap\u0131s\u0131<\/li><li data-start=\"715\" data-end=\"759\">%99,9 uptime garantisi ile kesintisiz hizmet<\/li><li data-start=\"761\" data-end=\"810\">SSD destekli y\u00fcksek performansl\u0131 sunucu altyap\u0131s\u0131<\/li><li data-start=\"812\" data-end=\"874\">DDoS korumas\u0131 ve veri yedekleme \u00e7\u00f6z\u00fcmleriyle geli\u015fmi\u015f g\u00fcvenlik<\/li><li data-start=\"876\" data-end=\"949\">Kullan\u0131c\u0131 dostu y\u00f6netim paneliyle uzaktan eri\u015fim ve anl\u0131k m\u00fcdahale imk\u00e2n\u0131<\/li><li data-start=\"951\" data-end=\"994\">7\/24 izleme, bak\u0131m ve teknik destek hizmeti<\/li><li data-start=\"996\" data-end=\"1129\">Kurumsal yap\u0131n\u0131za \u00f6zel \u00f6l\u00e7eklenebilir bulut \u00e7\u00f6z\u00fcmlerimiz sayesinde, i\u015f s\u00fcre\u00e7lerinizi kesintisiz ve g\u00fcvenli \u015fekilde s\u00fcrd\u00fcrebilirsiniz.<\/li><\/ul><p class=\"\" data-start=\"1131\" data-end=\"1255\">Y\u00fcksek performans, tam kontrol ve h\u0131zl\u0131 adaptasyon \u2013 <strong data-start=\"1184\" data-end=\"1222\">MindeForge Cloud Sunucu Bar\u0131nd\u0131rma<\/strong> ile teknolojik g\u00fcc\u00fcn\u00fcz\u00fc art\u0131r\u0131n.<\/p><p><!-- Hizmet Sayfas\u0131 Sonu --><\/p>\t\t\t\t\t\t\t\t<\/div>\n\t\t\t\t<\/div>\n\t\t\t\t\t<\/div>\n\t\t\t\t<\/div>\n\t\t\t\t<\/div>\n\t\t","protected":false},"excerpt":{"rendered":"<p>Cloud Sunucu Bar\u0131nd\u0131rma Cloud Sunucu Bar\u0131nd\u0131rma \u0130\u015fletmenizin dijital operasyonlar\u0131n\u0131 bulut ortam\u0131nda daha esnek, g\u00fcvenli ve \u00f6l\u00e7eklenebilir bir \u015fekilde mi y\u00f6netmek [&hellip;]<\/p>\n","protected":false},"author":1,"featured_media":0,"parent":0,"menu_order":0,"comment_status":"closed","ping_status":"closed","template":"","meta":{"site-sidebar-layout":"no-sidebar","site-content-layout":"","ast-site-content-layout":"full-width-container","site-content-style":"default","site-sidebar-style":"default","ast-global-header-display":"","ast-banner-title-visibility":"","ast-main-header-display":"","ast-hfb-above-header-display":"","ast-hfb-below-header-display":"","ast-hfb-mobile-header-display":"","site-post-title":"disabled","ast-breadcrumbs-content":"","ast-featured-img":"disabled","footer-sml-layout":"","theme-transparent-header-meta":"default","adv-header-id-meta":"","stick-header-meta":"","header-above-stick-meta":"","header-main-stick-meta":"","header-below-stick-meta":"","astra-migrate-meta-layouts":"set","ast-page-background-enabled":"default","ast-page-background-meta":{"desktop":{"background-color":"var(--ast-global-color-5)","background-image":"","background-repeat":"repeat","background-position":"center center","background-size":"auto","background-attachment":"scroll","background-type":"","background-media":"","overlay-type":"","overlay-color":"","overlay-opacity":"","overlay-gradient":""},"tablet":{"background-color":"","background-image":"","background-repeat":"repeat","background-position":"center center","background-size":"auto","background-attachment":"scroll","background-type":"","background-media":"","overlay-type":"","overlay-color":"","overlay-opacity":"","overlay-gradient":""},"mobile":{"background-color":"","background-image":"","background-repeat":"repeat","background-position":"center center","background-size":"auto","background-attachment":"scroll","background-type":"","background-media":"","overlay-type":"","overlay-color":"","overlay-opacity":"","overlay-gradient":""}},"ast-content-background-meta":{"desktop":{"background-color":"var(--ast-global-color-4)","background-image":"","background-repeat":"repeat","background-position":"center center","background-size":"auto","background-attachment":"scroll","background-type":"","background-media":"","overlay-type":"","overlay-color":"","overlay-opacity":"","overlay-gradient":""},"tablet":{"background-color":"var(--ast-global-color-4)","background-image":"","background-repeat":"repeat","background-position":"center center","background-size":"auto","background-attachment":"scroll","background-type":"","background-media":"","overlay-type":"","overlay-color":"","overlay-opacity":"","overlay-gradient":""},"mobile":{"background-color":"var(--ast-global-color-4)","background-image":"","background-repeat":"repeat","background-position":"center center","background-size":"auto","background-attachment":"scroll","background-type":"","background-media":"","overlay-type":"","overlay-color":"","overlay-opacity":"","overlay-gradient":""}},"footnotes":""},"class_list":["post-291","page","type-page","status-publish","hentry"],"_links":{"self":[{"href":"https:\/\/sametdemirezen.com\/index.php?rest_route=\/wp\/v2\/pages\/291","targetHints":{"allow":["GET"]}}],"collection":[{"href":"https:\/\/sametdemirezen.com\/index.php?rest_route=\/wp\/v2\/pages"}],"about":[{"href":"https:\/\/sametdemirezen.com\/index.php?rest_route=\/wp\/v2\/types\/page"}],"author":[{"embeddable":true,"href":"https:\/\/sametdemirezen.com\/index.php?rest_route=\/wp\/v2\/users\/1"}],"replies":[{"embeddable":true,"href":"https:\/\/sametdemirezen.com\/index.php?rest_route=%2Fwp%2Fv2%2Fcomments&post=291"}],"version-history":[{"count":31,"href":"https:\/\/sametdemirezen.com\/index.php?rest_route=\/wp\/v2\/pages\/291\/revisions"}],"predecessor-version":[{"id":324,"href":"https:\/\/sametdemirezen.com\/index.php?rest_route=\/wp\/v2\/pages\/291\/revisions\/324"}],"wp:attachment":[{"href":"https:\/\/sametdemirezen.com\/index.php?rest_route=%2Fwp%2Fv2%2Fmedia&parent=291"}],"curies":[{"name":"wp","href":"https:\/\/api.w.org\/{rel}","templated":true}]}}