{"id":344,"date":"2025-05-15T18:11:01","date_gmt":"2025-05-15T15:11:01","guid":{"rendered":"https:\/\/sametdemirezen.com\/?page_id=344"},"modified":"2025-05-15T18:31:59","modified_gmt":"2025-05-15T15:31:59","slug":"fiziksel-sunucu-barindirma-6","status":"publish","type":"page","link":"https:\/\/sametdemirezen.com\/?page_id=344","title":{"rendered":"Yedekleme ve Kurtarma Hizmetleri"},"content":{"rendered":"\t\t<div data-elementor-type=\"wp-page\" data-elementor-id=\"344\" class=\"elementor elementor-344\">\n\t\t\t\t<div class=\"elementor-element elementor-element-df8e525 e-flex e-con-boxed e-con e-parent\" data-id=\"df8e525\" data-element_type=\"container\">\n\t\t\t\t\t<div class=\"e-con-inner\">\n\t\t\t\t<div class=\"elementor-element elementor-element-dc39dec elementor-widget__width-initial elementor-widget-mobile__width-initial elementor-widget elementor-widget-text-editor\" data-id=\"dc39dec\" data-element_type=\"widget\" data-widget_type=\"text-editor.default\">\n\t\t\t\t<div class=\"elementor-widget-container\">\n\t\t\t\t\t\t\t\t\t<h1>Yedekleme ve Kurtarma Hizmetleri<\/h1>\t\t\t\t\t\t\t\t<\/div>\n\t\t\t\t<\/div>\n\t\t\t\t\t<\/div>\n\t\t\t\t<\/div>\n\t\t<div class=\"elementor-element elementor-element-33ae790 e-flex e-con-boxed e-con e-parent\" data-id=\"33ae790\" data-element_type=\"container\">\n\t\t\t\t\t<div class=\"e-con-inner\">\n\t\t\t\t<div class=\"elementor-element elementor-element-568c562 elementor-widget elementor-widget-text-editor\" data-id=\"568c562\" data-element_type=\"widget\" data-widget_type=\"text-editor.default\">\n\t\t\t\t<div class=\"elementor-widget-container\">\n\t\t\t\t\t\t\t\t\t<p data-start=\"189\" data-end=\"351\">\u00a0<\/p><p class=\"\" data-start=\"189\" data-end=\"351\">Veri kayb\u0131, sistem ar\u0131zas\u0131 veya siber sald\u0131r\u0131 gibi durumlara kar\u015f\u0131 i\u015fletmenizi g\u00fcvence alt\u0131na alacak etkili bir yedekleme ve kurtarma \u00e7\u00f6z\u00fcm\u00fcne mi ihtiyac\u0131n\u0131z var?<\/p><p class=\"\" data-start=\"353\" data-end=\"663\"><strong data-start=\"353\" data-end=\"367\">MindeForge<\/strong> olarak, verilerinizin s\u00fcreklili\u011fini sa\u011flamak ve olas\u0131 kriz durumlar\u0131nda sistemlerinizi h\u0131zla geri y\u00fcklemek i\u00e7in profesyonel yedekleme ve felaket kurtarma hizmetleri sunuyoruz. Kritik verilerinizin g\u00fcvenli ortamlarda yedeklenmesini ve gerekti\u011finde en k\u0131sa s\u00fcrede eri\u015filebilir olmas\u0131n\u0131 sa\u011fl\u0131yoruz.<\/p><ul><li data-start=\"665\" data-end=\"700\">Hizmetin \u00d6ne \u00c7\u0131kan \u00d6zellikleri:<\/li><li data-start=\"702\" data-end=\"751\">Otomatik ve zamanlanm\u0131\u015f veri yedekleme sistemleri<\/li><li data-start=\"753\" data-end=\"799\">Yerel, bulut veya hibrit yedekleme se\u00e7enekleri<\/li><li data-start=\"801\" data-end=\"854\">Felaket senaryolar\u0131 i\u00e7in h\u0131zl\u0131 geri y\u00fckleme \u00e7\u00f6z\u00fcmleri<\/li><li data-start=\"856\" data-end=\"904\">Versiyonlama deste\u011fi ile ge\u00e7mi\u015f yedeklere eri\u015fim<\/li><li data-start=\"906\" data-end=\"950\">Yedekleme \u015fifreleme ve g\u00fcvenli veri aktar\u0131m\u0131<\/li><li data-start=\"952\" data-end=\"1002\">Periyodik testler ve kurtarma plan\u0131 sim\u00fclasyonlar\u0131<\/li><li data-start=\"1004\" data-end=\"1145\">\u0130\u015f s\u00fcreklili\u011finizi garanti alt\u0131na alan bu hizmetimizle; veri kay\u0131plar\u0131n\u0131 en aza indiriyor, sistemlerinizin her an haz\u0131r kalmas\u0131n\u0131 sa\u011fl\u0131yoruz.<\/li><li data-start=\"1147\" data-end=\"1282\">Kesintisiz eri\u015fim, h\u0131zl\u0131 m\u00fcdahale ve veri g\u00fcvenli\u011fi \u2013 <strong data-start=\"1201\" data-end=\"1248\">MindeForge Yedekleme ve Kurtarma Hizmetleri<\/strong> ile her zaman bir ad\u0131m \u00f6ndesiniz.<\/li><\/ul><p><!-- Hizmet Sayfas\u0131 Sonu --><\/p>\t\t\t\t\t\t\t\t<\/div>\n\t\t\t\t<\/div>\n\t\t\t\t\t<\/div>\n\t\t\t\t<\/div>\n\t\t\t\t<\/div>\n\t\t","protected":false},"excerpt":{"rendered":"<p>Yedekleme ve Kurtarma Hizmetleri \u00a0 Veri kayb\u0131, sistem ar\u0131zas\u0131 veya siber sald\u0131r\u0131 gibi durumlara kar\u015f\u0131 i\u015fletmenizi g\u00fcvence alt\u0131na alacak etkili [&hellip;]<\/p>\n","protected":false},"author":1,"featured_media":0,"parent":0,"menu_order":0,"comment_status":"closed","ping_status":"closed","template":"","meta":{"site-sidebar-layout":"no-sidebar","site-content-layout":"","ast-site-content-layout":"full-width-container","site-content-style":"default","site-sidebar-style":"default","ast-global-header-display":"","ast-banner-title-visibility":"","ast-main-header-display":"","ast-hfb-above-header-display":"","ast-hfb-below-header-display":"","ast-hfb-mobile-header-display":"","site-post-title":"disabled","ast-breadcrumbs-content":"","ast-featured-img":"disabled","footer-sml-layout":"","theme-transparent-header-meta":"default","adv-header-id-meta":"","stick-header-meta":"","header-above-stick-meta":"","header-main-stick-meta":"","header-below-stick-meta":"","astra-migrate-meta-layouts":"set","ast-page-background-enabled":"default","ast-page-background-meta":{"desktop":{"background-color":"var(--ast-global-color-5)","background-image":"","background-repeat":"repeat","background-position":"center center","background-size":"auto","background-attachment":"scroll","background-type":"","background-media":"","overlay-type":"","overlay-color":"","overlay-opacity":"","overlay-gradient":""},"tablet":{"background-color":"","background-image":"","background-repeat":"repeat","background-position":"center center","background-size":"auto","background-attachment":"scroll","background-type":"","background-media":"","overlay-type":"","overlay-color":"","overlay-opacity":"","overlay-gradient":""},"mobile":{"background-color":"","background-image":"","background-repeat":"repeat","background-position":"center center","background-size":"auto","background-attachment":"scroll","background-type":"","background-media":"","overlay-type":"","overlay-color":"","overlay-opacity":"","overlay-gradient":""}},"ast-content-background-meta":{"desktop":{"background-color":"var(--ast-global-color-4)","background-image":"","background-repeat":"repeat","background-position":"center center","background-size":"auto","background-attachment":"scroll","background-type":"","background-media":"","overlay-type":"","overlay-color":"","overlay-opacity":"","overlay-gradient":""},"tablet":{"background-color":"var(--ast-global-color-4)","background-image":"","background-repeat":"repeat","background-position":"center center","background-size":"auto","background-attachment":"scroll","background-type":"","background-media":"","overlay-type":"","overlay-color":"","overlay-opacity":"","overlay-gradient":""},"mobile":{"background-color":"var(--ast-global-color-4)","background-image":"","background-repeat":"repeat","background-position":"center center","background-size":"auto","background-attachment":"scroll","background-type":"","background-media":"","overlay-type":"","overlay-color":"","overlay-opacity":"","overlay-gradient":""}},"footnotes":""},"class_list":["post-344","page","type-page","status-publish","hentry"],"_links":{"self":[{"href":"https:\/\/sametdemirezen.com\/index.php?rest_route=\/wp\/v2\/pages\/344","targetHints":{"allow":["GET"]}}],"collection":[{"href":"https:\/\/sametdemirezen.com\/index.php?rest_route=\/wp\/v2\/pages"}],"about":[{"href":"https:\/\/sametdemirezen.com\/index.php?rest_route=\/wp\/v2\/types\/page"}],"author":[{"embeddable":true,"href":"https:\/\/sametdemirezen.com\/index.php?rest_route=\/wp\/v2\/users\/1"}],"replies":[{"embeddable":true,"href":"https:\/\/sametdemirezen.com\/index.php?rest_route=%2Fwp%2Fv2%2Fcomments&post=344"}],"version-history":[{"count":7,"href":"https:\/\/sametdemirezen.com\/index.php?rest_route=\/wp\/v2\/pages\/344\/revisions"}],"predecessor-version":[{"id":386,"href":"https:\/\/sametdemirezen.com\/index.php?rest_route=\/wp\/v2\/pages\/344\/revisions\/386"}],"wp:attachment":[{"href":"https:\/\/sametdemirezen.com\/index.php?rest_route=%2Fwp%2Fv2%2Fmedia&parent=344"}],"curies":[{"name":"wp","href":"https:\/\/api.w.org\/{rel}","templated":true}]}}